{"id":323,"date":"2007-07-24T14:28:27","date_gmt":"2007-07-24T13:28:27","guid":{"rendered":"https:\/\/www.cestanahoru.org\/?page_id=323"},"modified":"2012-01-26T20:06:17","modified_gmt":"2012-01-26T19:06:17","slug":"karl-rahner","status":"publish","type":"page","link":"https:\/\/www.cestanahoru.org\/?page_id=323","title":{"rendered":"Karl Rahner"},"content":{"rendered":"<p><em>\u201cKdy\u017e se ti tv\u016fj v\u0161edn\u00ed den zd\u00e1 chud\u00fd, neobvi\u0148uj jej, obvi\u0148uj sebe, \u017ee nejsi dost siln\u00fd, abys p\u0159ivolal jeho bohatstv\u00ed.\u201d <\/em><\/p>\n<p><em>R.M. Rilke<\/em><\/p>\n<p>T\u00edmto cit\u00e1tem zn\u00e1m\u00fd n\u011bmeck\u00fd teolog uv\u00e1d\u00ed prvn\u00ed kapitolu drobn\u00e9 kn\u00ed\u017eky <em>Allt\u00e4gliche Dinge<\/em> (<strong>V\u0161edn\u00ed v\u011bci<\/strong>), kter\u00e1, pokud je n\u00e1m zn\u00e1mo, je v \u010de\u0161tin\u011b zat\u00edm dostupn\u00e1 jen v nedatovan\u00e9m, prakticky samizdatov\u00e9m vyd\u00e1n\u00ed (vydal p\u0159\u00edpravn\u00fd v\u00fdbor DKO jako p\u0159\u00edlohu sv\u00e9ho informa\u010dn\u00edho ob\u011b\u017en\u00edku, pro vnit\u0159n\u00ed pot\u0159ebu). P\u0159eklad V.B. byl redac\u00ed na\u0161ich str\u00e1nek d\u00e1le upraven.<\/p>\n<p><strong>Karl Rahner SJ <\/strong>(1904 Freiburg i. Br. &#8211; 1984 Innsbruck). V r. 1922 vstoupil do jezuitsk\u00e9ho \u0159\u00e1du, studoval filozofii a teologii ve Feldkircuh, Pullachu, Valkenburgu, Freiburgu a Innsbrucku. V r. 1939 za\u010dal vyu\u010dovat ve V\u00eddni, v posledn\u00edch letech v\u00e1lky p\u016fsobil v pastoraci v Doln\u00edm Bavorsku, po v\u00e1lce vyu\u010doval dogmatiku na \u0159\u00e1dov\u00e9 \u0161kole v Pullachu, od r. 1948 na univerzit\u011b v Innsbrucku. Od r. 1963 se \u00fa\u010dastnil prac\u00ed na Druh\u00e9m vatik\u00e1nsk\u00e9m koncilu, odr r. 1964 p\u0159evzal po R. Guardinim katedru na <a class=\"new\" title=\"Ludwig-Maximilians-Universit\u00e4t M\u00fcnchen\" href=\"http:\/\/it.wikipedia.org\/w\/index.php?title=Ludwig-Maximilians-Universit%C3%A4t_M%C3%BCnchen&amp;action=edit\">Ludwig-Maximilians-Universit\u00e4t<\/a> &#8211; ze zdej\u0161\u00edch p\u0159edn\u00e1\u0161ek \u00favodu do k\u0159es\u0165anstv\u00ed se pozd\u011bji stane z\u00e1klad pro jeho Grundkurs des Glaubens (\u010desky jako Z\u00e1klady k\u0159es\u0165ansk\u00e9 v\u00edry). V l. 1967-71 p\u016fsobil v M\u00fcnsteru, od r. 1981 a\u017e do sv\u00e9 smrti \u017eil v Innsbrucku, kde je tak\u00e9 v krypt\u011b jezuitsk\u00e9ho kostela poh\u0159ben.<\/p>\n<p>Pro bli\u017e\u0161\u00ed sezn\u00e1men\u00ed s d\u00edlem K. Rahnera si dovol\u00edme odk\u00e1zat nap\u0159. na <a href=\"http:\/\/www.krs.stjohnsem.edu\/\">Karl Rahner Society<\/a>. Na na\u0161ich str\u00e1nk\u00e1ch naleznete n\u011bkter\u00e9 kapitoly z v\u00fd\u0161e zm\u00edn\u011bn\u00e9 knihy <em>V\u0161edn\u00ed v\u011bci<\/em>:<\/p>\n<ul>\n<li><a href=\"https:\/\/www.cestanahoru.org\/?p=311\">O teologii v\u0161edn\u00edho dne<\/a><\/li>\n<li><a href=\"https:\/\/www.cestanahoru.org\/?p=312\">O pr\u00e1ci<\/a><\/li>\n<li><a href=\"https:\/\/www.cestanahoru.org\/?p=313\">O sezen\u00ed<\/a><\/li>\n<li><a href=\"https:\/\/www.cestanahoru.org\/?p=314\">O ch\u016fzi<\/a><\/li>\n<li><a href=\"https:\/\/www.cestanahoru.org\/?p=321\">O sm\u00edchu<\/a><\/li>\n<li><a href=\"https:\/\/www.cestanahoru.org\/?p=322\">O denn\u00edm pozn\u00e1v\u00e1n\u00ed milosti<\/a><\/li>\n<\/ul>\n","protected":false},"excerpt":{"rendered":"<p>\u201cKdy\u017e se ti tv\u016fj v\u0161edn\u00ed den zd\u00e1 chud\u00fd, neobvi\u0148uj jej, obvi\u0148uj sebe, \u017ee nejsi dost siln\u00fd, abys p\u0159ivolal jeho bohatstv\u00ed.\u201d R.M. Rilke T\u00edmto cit\u00e1tem zn\u00e1m\u00fd n\u011bmeck\u00fd teolog uv\u00e1d\u00ed prvn\u00ed kapitolu drobn\u00e9 kn\u00ed\u017eky Allt\u00e4gliche Dinge (V\u0161edn\u00ed v\u011bci), kter\u00e1, pokud je n\u00e1m zn\u00e1mo, je v \u010de\u0161tin\u011b zat\u00edm dostupn\u00e1 jen v nedatovan\u00e9m, prakticky samizdatov\u00e9m vyd\u00e1n\u00ed (vydal p\u0159\u00edpravn\u00fd v\u00fdbor [&hellip;]<\/p>\n","protected":false},"author":3,"featured_media":0,"parent":318,"menu_order":0,"comment_status":"open","ping_status":"open","template":"","meta":{"footnotes":""},"_links":{"self":[{"href":"https:\/\/www.cestanahoru.org\/index.php?rest_route=\/wp\/v2\/pages\/323"}],"collection":[{"href":"https:\/\/www.cestanahoru.org\/index.php?rest_route=\/wp\/v2\/pages"}],"about":[{"href":"https:\/\/www.cestanahoru.org\/index.php?rest_route=\/wp\/v2\/types\/page"}],"author":[{"embeddable":true,"href":"https:\/\/www.cestanahoru.org\/index.php?rest_route=\/wp\/v2\/users\/3"}],"replies":[{"embeddable":true,"href":"https:\/\/www.cestanahoru.org\/index.php?rest_route=%2Fwp%2Fv2%2Fcomments&post=323"}],"version-history":[{"count":1,"href":"https:\/\/www.cestanahoru.org\/index.php?rest_route=\/wp\/v2\/pages\/323\/revisions"}],"predecessor-version":[{"id":4298,"href":"https:\/\/www.cestanahoru.org\/index.php?rest_route=\/wp\/v2\/pages\/323\/revisions\/4298"}],"up":[{"embeddable":true,"href":"https:\/\/www.cestanahoru.org\/index.php?rest_route=\/wp\/v2\/pages\/318"}],"wp:attachment":[{"href":"https:\/\/www.cestanahoru.org\/index.php?rest_route=%2Fwp%2Fv2%2Fmedia&parent=323"}],"curies":[{"name":"wp","href":"https:\/\/api.w.org\/{rel}","templated":true}]}}