{"id":3466,"date":"2011-02-16T15:03:52","date_gmt":"2011-02-16T14:03:52","guid":{"rendered":"https:\/\/www.cestanahoru.org\/?page_id=3466"},"modified":"2023-06-08T20:21:57","modified_gmt":"2023-06-08T18:21:57","slug":"program-na-karmelu-v-luke","status":"publish","type":"page","link":"https:\/\/www.cestanahoru.org\/?page_id=3466","title":{"rendered":"Program na Karmelu v Luk\u00e9"},"content":{"rendered":"<p><span style=\"color: #850a0a;\"><strong>Karmel a spole\u010densko-vzd\u011bl\u00e1vac\u00ed centrum v Luk\u00e9<\/strong><\/span><\/p>\n<p><a href=\"https:\/\/www.cestanahoru.org\/wp-content\/uploads\/p1030319a.jpg\"><img loading=\"lazy\" decoding=\"async\" class=\"size-thumbnail wp-image-3472 alignleft\" title=\"p1030319a\" alt=\"p1030319a\" src=\"https:\/\/www.cestanahoru.org\/wp-content\/uploads\/p1030319a-150x150.jpg\" width=\"135\" height=\"135\" \/><\/a>V posledn\u00edch letech p\u0159ipravujeme nov\u00fd Karmel. Vznik\u00e1 <strong>v Luk\u00e9<\/strong>, co\u017e je na Litovelsku, asi t\u0159icet kilometr\u016f od Olomouce sm\u011brem na Mohelnici a Hradec Kr\u00e1lov\u00e9 (viz <a href=\"http:\/\/www.mapy.cz\/#mm=ZTtTcP@x=138913280@y=134503936@z=11\" target=\"_blank\">mapa<\/a>). Vznik\u00e1 d\u00edky velk\u00e9 hou\u017eevnatosti, odvaze a ob\u011btavosti m\u00edstn\u00edho spole\u010denstv\u00ed. Se zdrav\u00fdm nad\u0161en\u00edm n\u00e1m sestr\u00e1m tak\u00e9 nezi\u0161tn\u011b pom\u00e1h\u00e1 \u0159ada p\u0159\u00e1tel pra\u017esk\u00e9ho Karmelu, kte\u0159\u00ed s n\u00e1mi pravideln\u011b doj\u00ed\u017ed\u00ed do Luk\u00e9 od rann\u00fdch dob rekonstrukce zdej\u0161\u00ed fary a jej\u00ed p\u0159estavby na <strong>spole\u010densko-vzd\u011bl\u00e1vac\u00ed centrum<\/strong> pro obec a jej\u00ed okol\u00ed a vedle toho tu bude tak\u00e9 <strong>s\u00eddlo \u0159eholn\u00ed komunity<\/strong> sester karmelitek. V sou\u010dasnosti se zam\u011b\u0159ujeme na program pro d\u011bti, jak\u00e1koliv pomoc s organizac\u00ed je velmi v\u00edtan\u00e1.<\/p>\n<p>P\u0159esto\u017ee v Luk\u00e9\u00a0 je\u0161t\u011b trvale nes\u00eddl\u00edme, sna\u017e\u00edme se b\u00fdt v kontaktu s m\u00edstn\u00edm spole\u010denstv\u00edm.\u00a0 Budeme tedy na t\u011bchto str\u00e1nk\u00e1ch vyv\u011b\u0161ovat i <strong>program aktivit a setk\u00e1n\u00ed, kter\u00e1 se konaj\u00ed v Luk\u00e9 <\/strong>a na kter\u00e1 jste co nejsrde\u010dn\u011bji zv\u00e1ni.<\/p>\n<p style=\"text-align: center;\">*\u00a0\u00a0 *\u00a0\u00a0 *<\/p>\n<p>&nbsp;<\/p>\n<p>&nbsp;<\/p>\n<p>&nbsp;<\/p>\n<p>&nbsp;<\/p>\n<p><strong style=\"text-align: center;\"><br \/>\n<\/strong><\/p>\n","protected":false},"excerpt":{"rendered":"<p>Karmel a spole\u010densko-vzd\u011bl\u00e1vac\u00ed centrum v Luk\u00e9 V posledn\u00edch letech p\u0159ipravujeme nov\u00fd Karmel. Vznik\u00e1 v Luk\u00e9, co\u017e je na Litovelsku, asi t\u0159icet kilometr\u016f od Olomouce sm\u011brem na Mohelnici a Hradec Kr\u00e1lov\u00e9 (viz mapa). Vznik\u00e1 d\u00edky velk\u00e9 hou\u017eevnatosti, odvaze a ob\u011btavosti m\u00edstn\u00edho spole\u010denstv\u00ed. Se zdrav\u00fdm nad\u0161en\u00edm n\u00e1m sestr\u00e1m tak\u00e9 nezi\u0161tn\u011b pom\u00e1h\u00e1 \u0159ada p\u0159\u00e1tel pra\u017esk\u00e9ho Karmelu, kte\u0159\u00ed s [&hellip;]<\/p>\n","protected":false},"author":1,"featured_media":0,"parent":36,"menu_order":0,"comment_status":"open","ping_status":"open","template":"","meta":{"footnotes":""},"_links":{"self":[{"href":"https:\/\/www.cestanahoru.org\/index.php?rest_route=\/wp\/v2\/pages\/3466"}],"collection":[{"href":"https:\/\/www.cestanahoru.org\/index.php?rest_route=\/wp\/v2\/pages"}],"about":[{"href":"https:\/\/www.cestanahoru.org\/index.php?rest_route=\/wp\/v2\/types\/page"}],"author":[{"embeddable":true,"href":"https:\/\/www.cestanahoru.org\/index.php?rest_route=\/wp\/v2\/users\/1"}],"replies":[{"embeddable":true,"href":"https:\/\/www.cestanahoru.org\/index.php?rest_route=%2Fwp%2Fv2%2Fcomments&post=3466"}],"version-history":[{"count":38,"href":"https:\/\/www.cestanahoru.org\/index.php?rest_route=\/wp\/v2\/pages\/3466\/revisions"}],"predecessor-version":[{"id":7607,"href":"https:\/\/www.cestanahoru.org\/index.php?rest_route=\/wp\/v2\/pages\/3466\/revisions\/7607"}],"up":[{"embeddable":true,"href":"https:\/\/www.cestanahoru.org\/index.php?rest_route=\/wp\/v2\/pages\/36"}],"wp:attachment":[{"href":"https:\/\/www.cestanahoru.org\/index.php?rest_route=%2Fwp%2Fv2%2Fmedia&parent=3466"}],"curies":[{"name":"wp","href":"https:\/\/api.w.org\/{rel}","templated":true}]}}