{"id":49,"date":"2007-03-12T19:16:01","date_gmt":"2007-03-12T18:16:01","guid":{"rendered":"https:\/\/www.cestanahoru.org\/?page_id=49"},"modified":"2009-03-14T11:11:06","modified_gmt":"2009-03-14T10:11:06","slug":"postavy-karmelu","status":"publish","type":"page","link":"https:\/\/www.cestanahoru.org\/?page_id=49","title":{"rendered":"Postavy Karmelu"},"content":{"rendered":"<p class=\"nadpis1\">Terezie od Je\u017e\u00ed\u0161e<img loading=\"lazy\" decoding=\"async\" class=\"style1\" style=\"float: right\" src=\"\/wp-content\/terezie_od_jezise.jpg\" alt=\"Terezie od Je\u017e\u00ed\u0161e\" width=\"67\" height=\"100\" \/><\/p>\n<p>(1515-1582)<br \/>\nVstoupila do kl\u00e1\u0161tera karmelitek v Avile, jej\u00ed duchovn\u00ed \u017eivot byl po dlouh\u00e1 l\u00e9ta doprov\u00e1zen duchovn\u00edmi boji a zr\u00e1n\u00edm. Hlubok\u00e1 duchovn\u00ed zku\u0161enost z n\u00ed u\u010dinila u\u010ditelku vnit\u0159n\u00ed modlitby a reform\u00e1torku karmelsk\u00e9ho \u0159\u00e1du. <a id=\"p85\" href=\"https:\/\/www.cestanahoru.org\/wp-content\/zivotopis-terezie-od-jezise.pdf\">\u017divotopis Terezie od Je\u017e\u00ed\u0161e<\/a><\/p>\n<p class=\"nadpis1\">Jan od K\u0159\u00ed\u017ee<img loading=\"lazy\" decoding=\"async\" class=\"style1\" style=\"float: right\" src=\"\/wp-content\/jan.jpg\" alt=\"Jan od K\u0159\u00ed\u017ee\" width=\"67\" height=\"100\" \/><\/p>\n<p>(1542-1591)<br \/>\nTerezie od Je\u017e\u00ed\u0161e v n\u011bm z\u00edskala spoluzakladatele bos\u00fdch karmelit\u00e1n\u016f, vyhled\u00e1van\u00e9ho zpov\u011bdn\u00edka a duchovn\u00edho v\u016fdce, autora vrcholn\u00fdch mystick\u00fdch spis\u016f o modlitb\u011b a duchovn\u00ed cest\u011b jako jsou V\u00fdstup na horu Karmel, Temn\u00e1 noc, Duchovn\u00ed p\u00edse\u0148, \u017div\u00fd plamen l\u00e1sky. <a id=\"p83\" href=\"https:\/\/www.cestanahoru.org\/wp-content\/ze-spisu-jan-z-krize.pdf\">Ze spis\u016f Jana od K\u0159\u00ed\u017ee<\/a><\/p>\n<p class=\"nadpis1\">Terezie od D\u00edt\u011bte Je\u017e\u00ed\u0161e<img loading=\"lazy\" decoding=\"async\" class=\"style1\" style=\"float: right\" src=\"\/wp-content\/terezka.jpg\" alt=\"Terezie od D\u00edt\u011bte Je\u017e\u00ed\u0161e\" width=\"67\" height=\"100\" \/><\/p>\n<p>(1873-1897)<br \/>\nZn\u00e1m\u00e1 tak\u00e9 jako Terezie z Lisieux, kde ve sv\u00fdch 15 letech vstoupila na Karmel. Vynikala pokorou, evangeln\u00ed prostotou a p\u0159edev\u0161\u00edm d\u016fv\u011brou v Boha.<\/p>\n<p class=\"nadpis1\">Al\u017eb\u011bta od Trojice<\/p>\n<p>(1880-1906)<img loading=\"lazy\" decoding=\"async\" class=\"style1\" style=\"float: right\" src=\"\/wp-content\/alzbeta.jpg\" alt=\"Al\u017eb\u011bta od Trojice\" width=\"67\" height=\"100\" \/><br \/>\nVstoupila r. 1901 k bos\u00fdm karmelitk\u00e1m v Dijonu, kde p\u0159es mnoh\u00e9 vnit\u0159n\u00ed \u00fatrapy a nemoci pro\u017e\u00edvala tajemstv\u00ed vztahu Boha a \u010dlov\u011bka jako \u201echv\u00e1la sl\u00e1vy\u201c Trojice p\u0159\u00edtomn\u00e9 v jej\u00ed du\u0161i. V tajemstv\u00ed Bo\u017e\u00edho p\u0159eb\u00fdv\u00e1n\u00ed v \u010dlov\u011bku nalezla sv\u00e9 \u201enebe na zemi\u201c, svou milost a posl\u00e1n\u00ed v c\u00edrkvi. P\u0159edstavuje jeden z vrchol\u016f modern\u00ed spirituality, kter\u00e1 znovuobjevuje Bo\u017e\u00ed Slovo a umis\u0165uje \u017eivot pok\u0159t\u011bn\u00e9ho do tajemstv\u00ed \u00fa\u010dasti na \u017eivot\u011b Trojjedin\u00e9ho Boha. <a id=\"p81\" href=\"https:\/\/www.cestanahoru.org\/wp-content\/ze-spisu-alzbety-od-trojice.pdf\">Ze spis\u016f Al\u017eb\u011bty od Trojice<\/a><\/p>\n<p class=\"nadpis1\">Terezie Benedikta od K\u0159\u00ed\u017ee (Edith Steinov\u00e1)<img loading=\"lazy\" decoding=\"async\" class=\"style1\" style=\"float: right\" src=\"\/wp-content\/edithstein_mala.jpg\" alt=\"Terezie Benedikta od K\u0159\u00ed\u017ee (Edith Steinov\u00e1)\" width=\"67\" height=\"100\" \/><\/p>\n<p>(1891-1942)<br \/>\nFilozofka, \u017ea\u010dka a spolupracovnice E. Husserla, autorka v\u00fdznamn\u00fdch prac\u00ed z oblasti fenomenologick\u00e9 filosofie, psychologie a pedagogiky. Ve sv\u00e9 v\u011bdeck\u00e9 \u010dinnosti pokra\u010dovala i po vstupu do \u0159\u00e1du bos\u00fdch karmelitek, jej\u00ed pr\u00e1ci p\u0159eru\u0161ila a\u017e deportace do koncentra\u010dn\u00edho  \t\t\tt\u00e1bora v Osv\u011btimi. Je spolupatronkou Evropy. V\u00edce se dozv\u00edte na <a href=\"https:\/\/www.cestanahoru.org\/?page_id=46\">jej\u00edch str\u00e1nk\u00e1ch<\/a>.<\/p>\n<p class=\"nadpis1\">Terezie Marie od K\u0159\u00ed\u017ee<img loading=\"lazy\" decoding=\"async\" class=\"style1\" style=\"float: right\" src=\"\/wp-content\/terezie-manetti.jpg\" alt=\"Terezie Marie od K\u0159\u00ed\u017ee\" width=\"67\" height=\"100\" \/><\/p>\n<p>(1846-1910)<br \/>\nZakladatelka sester karmelitek svat\u00e9 Terezie z Florencie, kontemplativn\u011b-apo\u0161tolsk\u00e9 v\u011btve karmelsk\u00e9ho \u0159\u00e1du. Ticho a kontemplaci typick\u00e9 pro karmelskou spiritualitu se sna\u017eila doplnit o  \t\u010dinn\u00fd \u017eivot, vyv\u00e1\u017eit aktivitu i rozj\u00edmavou modlitbu. <a id=\"p86\" href=\"https:\/\/www.cestanahoru.org\/wp-content\/zivotopis-terezie-od-krize.pdf\">\u017divotopis Terezie Marie od K\u0159\u00ed\u017ee<\/a><\/p>\n","protected":false},"excerpt":{"rendered":"<p>Terezie od Je\u017e\u00ed\u0161e (1515-1582) Vstoupila do kl\u00e1\u0161tera karmelitek v Avile, jej\u00ed duchovn\u00ed \u017eivot byl po dlouh\u00e1 l\u00e9ta doprov\u00e1zen duchovn\u00edmi boji a zr\u00e1n\u00edm. Hlubok\u00e1 duchovn\u00ed zku\u0161enost z n\u00ed u\u010dinila u\u010ditelku vnit\u0159n\u00ed modlitby a reform\u00e1torku karmelsk\u00e9ho \u0159\u00e1du. \u017divotopis Terezie od Je\u017e\u00ed\u0161e Jan od K\u0159\u00ed\u017ee (1542-1591) Terezie od Je\u017e\u00ed\u0161e v n\u011bm z\u00edskala spoluzakladatele bos\u00fdch karmelit\u00e1n\u016f, vyhled\u00e1van\u00e9ho zpov\u011bdn\u00edka a [&hellip;]<\/p>\n","protected":false},"author":2,"featured_media":0,"parent":34,"menu_order":0,"comment_status":"closed","ping_status":"closed","template":"","meta":{"footnotes":""},"_links":{"self":[{"href":"https:\/\/www.cestanahoru.org\/index.php?rest_route=\/wp\/v2\/pages\/49"}],"collection":[{"href":"https:\/\/www.cestanahoru.org\/index.php?rest_route=\/wp\/v2\/pages"}],"about":[{"href":"https:\/\/www.cestanahoru.org\/index.php?rest_route=\/wp\/v2\/types\/page"}],"author":[{"embeddable":true,"href":"https:\/\/www.cestanahoru.org\/index.php?rest_route=\/wp\/v2\/users\/2"}],"replies":[{"embeddable":true,"href":"https:\/\/www.cestanahoru.org\/index.php?rest_route=%2Fwp%2Fv2%2Fcomments&post=49"}],"version-history":[{"count":1,"href":"https:\/\/www.cestanahoru.org\/index.php?rest_route=\/wp\/v2\/pages\/49\/revisions"}],"predecessor-version":[{"id":1879,"href":"https:\/\/www.cestanahoru.org\/index.php?rest_route=\/wp\/v2\/pages\/49\/revisions\/1879"}],"up":[{"embeddable":true,"href":"https:\/\/www.cestanahoru.org\/index.php?rest_route=\/wp\/v2\/pages\/34"}],"wp:attachment":[{"href":"https:\/\/www.cestanahoru.org\/index.php?rest_route=%2Fwp%2Fv2%2Fmedia&parent=49"}],"curies":[{"name":"wp","href":"https:\/\/api.w.org\/{rel}","templated":true}]}}